{"id":567,"date":"2021-12-17T12:13:42","date_gmt":"2021-12-17T11:13:42","guid":{"rendered":"https:\/\/web.gruene-zh.ch\/waedenswil\/?page_id=567"},"modified":"2022-03-30T17:45:06","modified_gmt":"2022-03-30T15:45:06","slug":"gemeindewahlen-2022","status":"publish","type":"page","link":"https:\/\/web.gruene-zh.ch\/waedenswil\/startseite\/gemeindewahlen-2022","title":{"rendered":"Gemeindewahlen 2022 \u2013 Danke!"},"content":{"rendered":"","protected":false},"excerpt":{"rendered":"","protected":false},"author":11,"featured_media":962,"parent":540,"menu_order":0,"comment_status":"closed","ping_status":"closed","template":"","meta":{"_acf_changed":false,"inline_featured_image":false,"footnotes":""},"class_list":["post-567","page","type-page","status-publish","has-post-thumbnail","hentry"],"acf":[],"yoast_head":"<!-- This site is optimized with the Yoast SEO plugin v26.9 - https:\/\/yoast.com\/product\/yoast-seo-wordpress\/ -->\n<title>Gemeindewahlen 2022 \u2013 Danke! - GR\u00dcNE W\u00e4denswil<\/title>\n<meta name=\"description\" content=\"Am 27. M\u00e4rz 2022 wurde Claudia B\u00fchlmann in den W\u00e4denswiler Stadtrat gew\u00e4hlt und wir konnten unsere Gemeinderatsfraktion vergr\u00f6ssern! Neu sind wir mit f\u00fcnf Personen im Parlament vertreten. Herzlichen Dank f\u00fcr eure Unterst\u00fctzung und eure Stimmen!\" \/>\n<meta name=\"robots\" content=\"index, follow, max-snippet:-1, max-image-preview:large, max-video-preview:-1\" \/>\n<link rel=\"canonical\" href=\"https:\/\/web.gruene-zh.ch\/waedenswil\/startseite\/gemeindewahlen-2022\" \/>\n<meta property=\"og:locale\" content=\"de_DE\" \/>\n<meta property=\"og:type\" content=\"article\" \/>\n<meta property=\"og:title\" content=\"Gemeindewahlen 2022 \u2013 Danke! - GR\u00dcNE W\u00e4denswil\" \/>\n<meta property=\"og:description\" content=\"Am 27. M\u00e4rz 2022 wurde Claudia B\u00fchlmann in den W\u00e4denswiler Stadtrat gew\u00e4hlt und wir konnten unsere Gemeinderatsfraktion vergr\u00f6ssern! \u2026\" \/>\n<meta property=\"og:url\" content=\"https:\/\/web.gruene-zh.ch\/waedenswil\/startseite\/gemeindewahlen-2022\" \/>\n<meta property=\"og:site_name\" content=\"GR\u00dcNE W\u00e4denswil\" \/>\n<meta property=\"article:modified_time\" content=\"2022-03-30T15:45:06+00:00\" \/>\n<meta property=\"og:image\" content=\"https:\/\/web.gruene-zh.ch\/waedenswil\/wp-content\/uploads\/sites\/9\/2022\/02\/Z61_1693-Gruene_waedi_01-e1645470958617-1200x360.jpg\" \/>\n\t<meta property=\"og:image:width\" content=\"1200\" \/>\n\t<meta property=\"og:image:height\" content=\"360\" \/>\n\t<meta property=\"og:image:type\" content=\"image\/jpeg\" \/>\n<meta name=\"twitter:card\" content=\"summary_large_image\" \/>\n<script type=\"application\/ld+json\" class=\"yoast-schema-graph\">{\"@context\":\"https:\/\/schema.org\",\"@graph\":[{\"@type\":\"WebPage\",\"@id\":\"https:\/\/web.gruene-zh.ch\/waedenswil\/startseite\/gemeindewahlen-2022\",\"url\":\"https:\/\/web.gruene-zh.ch\/waedenswil\/startseite\/gemeindewahlen-2022\",\"name\":\"Gemeindewahlen 2022 \u2013 Danke! - GR\u00dcNE W\u00e4denswil\",\"isPartOf\":{\"@id\":\"https:\/\/web.gruene-zh.ch\/waedenswil\/#website\"},\"primaryImageOfPage\":{\"@id\":\"https:\/\/web.gruene-zh.ch\/waedenswil\/startseite\/gemeindewahlen-2022#primaryimage\"},\"image\":{\"@id\":\"https:\/\/web.gruene-zh.ch\/waedenswil\/startseite\/gemeindewahlen-2022#primaryimage\"},\"thumbnailUrl\":\"https:\/\/web.gruene-zh.ch\/waedenswil\/wp-content\/uploads\/sites\/9\/2022\/02\/Z61_1693-Gruene_waedi_01-e1673547463348-2560x0-c-default.jpg\",\"datePublished\":\"2021-12-17T11:13:42+00:00\",\"dateModified\":\"2022-03-30T15:45:06+00:00\",\"description\":\"Am 27. M\u00e4rz 2022 wurde Claudia B\u00fchlmann in den W\u00e4denswiler Stadtrat gew\u00e4hlt und wir konnten unsere Gemeinderatsfraktion vergr\u00f6ssern! Neu sind wir mit f\u00fcnf Personen im Parlament vertreten. Herzlichen Dank f\u00fcr eure Unterst\u00fctzung und eure Stimmen!\",\"breadcrumb\":{\"@id\":\"https:\/\/web.gruene-zh.ch\/waedenswil\/startseite\/gemeindewahlen-2022#breadcrumb\"},\"inLanguage\":\"de\",\"potentialAction\":[{\"@type\":\"ReadAction\",\"target\":[\"https:\/\/web.gruene-zh.ch\/waedenswil\/startseite\/gemeindewahlen-2022\"]}]},{\"@type\":\"ImageObject\",\"inLanguage\":\"de\",\"@id\":\"https:\/\/web.gruene-zh.ch\/waedenswil\/startseite\/gemeindewahlen-2022#primaryimage\",\"url\":\"https:\/\/web.gruene-zh.ch\/waedenswil\/wp-content\/uploads\/sites\/9\/2022\/02\/Z61_1693-Gruene_waedi_01-e1673547463348-2560x0-c-default.jpg\",\"contentUrl\":\"https:\/\/web.gruene-zh.ch\/waedenswil\/wp-content\/uploads\/sites\/9\/2022\/02\/Z61_1693-Gruene_waedi_01-e1673547463348-2560x0-c-default.jpg\",\"width\":265,\"height\":297},{\"@type\":\"BreadcrumbList\",\"@id\":\"https:\/\/web.gruene-zh.ch\/waedenswil\/startseite\/gemeindewahlen-2022#breadcrumb\",\"itemListElement\":[{\"@type\":\"ListItem\",\"position\":1,\"name\":\"Startseite\",\"item\":\"https:\/\/web.gruene-zh.ch\/waedenswil\/\"},{\"@type\":\"ListItem\",\"position\":2,\"name\":\"Startseite\",\"item\":\"https:\/\/web.gruene-zh.ch\/waedenswil\/\"},{\"@type\":\"ListItem\",\"position\":3,\"name\":\"Gemeindewahlen 2022 \u2013 Danke!\"}]},{\"@type\":\"WebSite\",\"@id\":\"https:\/\/web.gruene-zh.ch\/waedenswil\/#website\",\"url\":\"https:\/\/web.gruene-zh.ch\/waedenswil\/\",\"name\":\"GR\u00dcNE W\u00e4denswil\",\"description\":\"F\u00fcr Lebensqualit\u00e4t in W\u00e4denswil\",\"potentialAction\":[{\"@type\":\"SearchAction\",\"target\":{\"@type\":\"EntryPoint\",\"urlTemplate\":\"https:\/\/web.gruene-zh.ch\/waedenswil\/?s={search_term_string}\"},\"query-input\":{\"@type\":\"PropertyValueSpecification\",\"valueRequired\":true,\"valueName\":\"search_term_string\"}}],\"inLanguage\":\"de\"}]}<\/script>\n<!-- \/ Yoast SEO plugin. -->","yoast_head_json":{"title":"Gemeindewahlen 2022 \u2013 Danke! - GR\u00dcNE W\u00e4denswil","description":"Am 27. M\u00e4rz 2022 wurde Claudia B\u00fchlmann in den W\u00e4denswiler Stadtrat gew\u00e4hlt und wir konnten unsere Gemeinderatsfraktion vergr\u00f6ssern! Neu sind wir mit f\u00fcnf Personen im Parlament vertreten. Herzlichen Dank f\u00fcr eure Unterst\u00fctzung und eure Stimmen!","robots":{"index":"index","follow":"follow","max-snippet":"max-snippet:-1","max-image-preview":"max-image-preview:large","max-video-preview":"max-video-preview:-1"},"canonical":"https:\/\/web.gruene-zh.ch\/waedenswil\/startseite\/gemeindewahlen-2022","og_locale":"de_DE","og_type":"article","og_title":"Gemeindewahlen 2022 \u2013 Danke! - GR\u00dcNE W\u00e4denswil","og_description":"Am 27. M\u00e4rz 2022 wurde Claudia B\u00fchlmann in den W\u00e4denswiler Stadtrat gew\u00e4hlt und wir konnten unsere Gemeinderatsfraktion vergr\u00f6ssern! \u2026","og_url":"https:\/\/web.gruene-zh.ch\/waedenswil\/startseite\/gemeindewahlen-2022","og_site_name":"GR\u00dcNE W\u00e4denswil","article_modified_time":"2022-03-30T15:45:06+00:00","og_image":[{"width":1200,"height":360,"url":"https:\/\/web.gruene-zh.ch\/waedenswil\/wp-content\/uploads\/sites\/9\/2022\/02\/Z61_1693-Gruene_waedi_01-e1645470958617-1200x360.jpg","type":"image\/jpeg"}],"twitter_card":"summary_large_image","schema":{"@context":"https:\/\/schema.org","@graph":[{"@type":"WebPage","@id":"https:\/\/web.gruene-zh.ch\/waedenswil\/startseite\/gemeindewahlen-2022","url":"https:\/\/web.gruene-zh.ch\/waedenswil\/startseite\/gemeindewahlen-2022","name":"Gemeindewahlen 2022 \u2013 Danke! - GR\u00dcNE W\u00e4denswil","isPartOf":{"@id":"https:\/\/web.gruene-zh.ch\/waedenswil\/#website"},"primaryImageOfPage":{"@id":"https:\/\/web.gruene-zh.ch\/waedenswil\/startseite\/gemeindewahlen-2022#primaryimage"},"image":{"@id":"https:\/\/web.gruene-zh.ch\/waedenswil\/startseite\/gemeindewahlen-2022#primaryimage"},"thumbnailUrl":"https:\/\/web.gruene-zh.ch\/waedenswil\/wp-content\/uploads\/sites\/9\/2022\/02\/Z61_1693-Gruene_waedi_01-e1673547463348-2560x0-c-default.jpg","datePublished":"2021-12-17T11:13:42+00:00","dateModified":"2022-03-30T15:45:06+00:00","description":"Am 27. M\u00e4rz 2022 wurde Claudia B\u00fchlmann in den W\u00e4denswiler Stadtrat gew\u00e4hlt und wir konnten unsere Gemeinderatsfraktion vergr\u00f6ssern! Neu sind wir mit f\u00fcnf Personen im Parlament vertreten. Herzlichen Dank f\u00fcr eure Unterst\u00fctzung und eure Stimmen!","breadcrumb":{"@id":"https:\/\/web.gruene-zh.ch\/waedenswil\/startseite\/gemeindewahlen-2022#breadcrumb"},"inLanguage":"de","potentialAction":[{"@type":"ReadAction","target":["https:\/\/web.gruene-zh.ch\/waedenswil\/startseite\/gemeindewahlen-2022"]}]},{"@type":"ImageObject","inLanguage":"de","@id":"https:\/\/web.gruene-zh.ch\/waedenswil\/startseite\/gemeindewahlen-2022#primaryimage","url":"https:\/\/web.gruene-zh.ch\/waedenswil\/wp-content\/uploads\/sites\/9\/2022\/02\/Z61_1693-Gruene_waedi_01-e1673547463348-2560x0-c-default.jpg","contentUrl":"https:\/\/web.gruene-zh.ch\/waedenswil\/wp-content\/uploads\/sites\/9\/2022\/02\/Z61_1693-Gruene_waedi_01-e1673547463348-2560x0-c-default.jpg","width":265,"height":297},{"@type":"BreadcrumbList","@id":"https:\/\/web.gruene-zh.ch\/waedenswil\/startseite\/gemeindewahlen-2022#breadcrumb","itemListElement":[{"@type":"ListItem","position":1,"name":"Startseite","item":"https:\/\/web.gruene-zh.ch\/waedenswil\/"},{"@type":"ListItem","position":2,"name":"Startseite","item":"https:\/\/web.gruene-zh.ch\/waedenswil\/"},{"@type":"ListItem","position":3,"name":"Gemeindewahlen 2022 \u2013 Danke!"}]},{"@type":"WebSite","@id":"https:\/\/web.gruene-zh.ch\/waedenswil\/#website","url":"https:\/\/web.gruene-zh.ch\/waedenswil\/","name":"GR\u00dcNE W\u00e4denswil","description":"F\u00fcr Lebensqualit\u00e4t in W\u00e4denswil","potentialAction":[{"@type":"SearchAction","target":{"@type":"EntryPoint","urlTemplate":"https:\/\/web.gruene-zh.ch\/waedenswil\/?s={search_term_string}"},"query-input":{"@type":"PropertyValueSpecification","valueRequired":true,"valueName":"search_term_string"}}],"inLanguage":"de"}]}},"_links":{"self":[{"href":"https:\/\/web.gruene-zh.ch\/waedenswil\/wp-json\/wp\/v2\/pages\/567","targetHints":{"allow":["GET"]}}],"collection":[{"href":"https:\/\/web.gruene-zh.ch\/waedenswil\/wp-json\/wp\/v2\/pages"}],"about":[{"href":"https:\/\/web.gruene-zh.ch\/waedenswil\/wp-json\/wp\/v2\/types\/page"}],"author":[{"embeddable":true,"href":"https:\/\/web.gruene-zh.ch\/waedenswil\/wp-json\/wp\/v2\/users\/11"}],"replies":[{"embeddable":true,"href":"https:\/\/web.gruene-zh.ch\/waedenswil\/wp-json\/wp\/v2\/comments?post=567"}],"version-history":[{"count":24,"href":"https:\/\/web.gruene-zh.ch\/waedenswil\/wp-json\/wp\/v2\/pages\/567\/revisions"}],"predecessor-version":[{"id":1251,"href":"https:\/\/web.gruene-zh.ch\/waedenswil\/wp-json\/wp\/v2\/pages\/567\/revisions\/1251"}],"up":[{"embeddable":true,"href":"https:\/\/web.gruene-zh.ch\/waedenswil\/wp-json\/wp\/v2\/pages\/540"}],"wp:featuredmedia":[{"embeddable":true,"href":"https:\/\/web.gruene-zh.ch\/waedenswil\/wp-json\/wp\/v2\/media\/962"}],"wp:attachment":[{"href":"https:\/\/web.gruene-zh.ch\/waedenswil\/wp-json\/wp\/v2\/media?parent=567"}],"curies":[{"name":"wp","href":"https:\/\/api.w.org\/{rel}","templated":true}]}}