{"id":515,"date":"2018-12-04T16:49:09","date_gmt":"2018-12-04T15:49:09","guid":{"rendered":"https:\/\/testing.2018.gruene.ch\/demo\/?page_id=288"},"modified":"2025-09-18T15:36:06","modified_gmt":"2025-09-18T13:36:06","slug":"mitglied-werden","status":"publish","type":"page","link":"https:\/\/web.gruene-zh.ch\/waedenswil\/ueber-uns\/mitmachen\/mitglied-werden","title":{"rendered":"Ja, ich will Mitglied werden!"},"content":{"rendered":"","protected":false},"excerpt":{"rendered":"","protected":false},"author":34,"featured_media":0,"parent":597,"menu_order":0,"comment_status":"closed","ping_status":"closed","template":"","meta":{"_acf_changed":false,"inline_featured_image":false,"footnotes":""},"class_list":["post-515","page","type-page","status-publish","hentry"],"acf":[],"yoast_head":"<!-- This site is optimized with the Yoast SEO plugin v26.9 - https:\/\/yoast.com\/product\/yoast-seo-wordpress\/ -->\n<title>Ja, ich will Mitglied werden! - GR\u00dcNE W\u00e4denswil<\/title>\n<meta name=\"description\" content=\"Als Mitglied bei den GR\u00dcNEN unterst\u00fctzt du Klima- und Umweltschutz. Und eine offene, solidarische Gesellschaft. Insbesondere hier in W\u00e4denswil. Als Mitglied kannst du mitreden, mitentscheiden, mithelfen. Wir sind viele, zusammen stark und wir freuen uns auf dich! Die Gr\u00fcnen sind regional, kantonal und national aufgeteilt. Als Mitglied bist du automatisch bei allen dreien dabei. Regional bei der Ortspartei W\u00e4denswil Kantonal bei der Bezirkspatei Horgen + der Kantonalpartei Z\u00fcrich National bei den Gr\u00fcnen Schweiz. Der Mitgliederbeitrag der Gr\u00fcnen f\u00fcr ein Jahr W\u00e4denswil 100.\u2013, Wenigverdienende 80.\u2013 Kanton Z\u00fcrich, mit Bezirk Horgen betr\u00e4gt: Einzelmitgliedschaft 150.\u2013 , Paarmitgliedschaft 240.\u2013, Wenigverdienende 60.\u2013 Schweiz : Einzelmitgliedschaft 50.\u2013, Wenigverdienende 20.\u2013 Der gesamte Mitgliederbeitrag als Gr\u00fcne in W\u00e4denswil ist die Summe der drei einzelnen Beitr\u00e4ge \u2013 zwischen 160 CHF und 300 CHF pro Jahr. Du bekommst im Jahr zwei separate Rechnungen: 1) eine von W\u00e4di mit Bezirk-Horgen\/KantonZH. 2) Eine der Gr\u00fcnen Schweiz. Wichtig zu wissen Der Beitrag an Bezirk\/KantonZH finanziert das kantonale Sekretariat. Es unterst\u00fctzt uns in W\u00e4di mit Infrastruktur, Dienstleistung, Anl\u00e4ssen, Weiterbildungen, im Alltag und in Wahljahren. Wir brauchen den Support des kantonalen Sekretariats, um unsere Arbeit machen zu k\u00f6nnen. Wenn du es dir leisten kannst, bei den GR\u00dcNEN auf allen Ebenen dabeizusein, hilfst du dem Ganzen.\" \/>\n<meta name=\"robots\" content=\"index, follow, max-snippet:-1, max-image-preview:large, max-video-preview:-1\" \/>\n<link rel=\"canonical\" href=\"https:\/\/web.gruene-zh.ch\/waedenswil\/ueber-uns\/mitmachen\/mitglied-werden\" \/>\n<meta property=\"og:locale\" content=\"de_DE\" \/>\n<meta property=\"og:type\" content=\"article\" \/>\n<meta property=\"og:title\" content=\"Ja, ich will Mitglied werden! - GR\u00dcNE W\u00e4denswil\" \/>\n<meta property=\"og:description\" content=\"Als Mitglied bei den GR\u00dcNEN unterst\u00fctzt du Klima- und Umweltschutz. Und eine offene, solidarische Gesellschaft. Insbesondere hier in \u2026\" \/>\n<meta property=\"og:url\" content=\"https:\/\/web.gruene-zh.ch\/waedenswil\/ueber-uns\/mitmachen\/mitglied-werden\" \/>\n<meta property=\"og:site_name\" content=\"GR\u00dcNE W\u00e4denswil\" \/>\n<meta property=\"article:modified_time\" content=\"2025-09-18T13:36:06+00:00\" \/>\n<meta name=\"twitter:card\" content=\"summary_large_image\" \/>\n<meta name=\"twitter:label1\" content=\"Gesch\u00e4tzte Lesezeit\" \/>\n\t<meta name=\"twitter:data1\" content=\"1\u00a0Minute\" \/>\n<script type=\"application\/ld+json\" class=\"yoast-schema-graph\">{\"@context\":\"https:\/\/schema.org\",\"@graph\":[{\"@type\":\"WebPage\",\"@id\":\"https:\/\/web.gruene-zh.ch\/waedenswil\/ueber-uns\/mitmachen\/mitglied-werden\",\"url\":\"https:\/\/web.gruene-zh.ch\/waedenswil\/ueber-uns\/mitmachen\/mitglied-werden\",\"name\":\"Ja, ich will Mitglied werden! - GR\u00dcNE W\u00e4denswil\",\"isPartOf\":{\"@id\":\"https:\/\/web.gruene-zh.ch\/waedenswil\/#website\"},\"datePublished\":\"2018-12-04T15:49:09+00:00\",\"dateModified\":\"2025-09-18T13:36:06+00:00\",\"description\":\"Als Mitglied bei den GR\u00dcNEN unterst\u00fctzt du Klima- und Umweltschutz. Und eine offene, solidarische Gesellschaft. Insbesondere hier in W\u00e4denswil. Als Mitglied kannst du mitreden, mitentscheiden, mithelfen. Wir sind viele, zusammen stark und wir freuen uns auf dich! Die Gr\u00fcnen sind regional, kantonal und national aufgeteilt. Als Mitglied bist du automatisch bei allen dreien dabei. Regional bei der Ortspartei W\u00e4denswil Kantonal bei der Bezirkspatei Horgen + der Kantonalpartei Z\u00fcrich National bei den Gr\u00fcnen Schweiz. Der Mitgliederbeitrag der Gr\u00fcnen f\u00fcr ein Jahr W\u00e4denswil 100.\u2013, Wenigverdienende 80.\u2013 Kanton Z\u00fcrich, mit Bezirk Horgen betr\u00e4gt: Einzelmitgliedschaft 150.\u2013 , Paarmitgliedschaft 240.\u2013, Wenigverdienende 60.\u2013 Schweiz : Einzelmitgliedschaft 50.\u2013, Wenigverdienende 20.\u2013 Der gesamte Mitgliederbeitrag als Gr\u00fcne in W\u00e4denswil ist die Summe der drei einzelnen Beitr\u00e4ge \u2013 zwischen 160 CHF und 300 CHF pro Jahr. Du bekommst im Jahr zwei separate Rechnungen: 1) eine von W\u00e4di mit Bezirk-Horgen\/KantonZH. 2) Eine der Gr\u00fcnen Schweiz. Wichtig zu wissen Der Beitrag an Bezirk\/KantonZH finanziert das kantonale Sekretariat. Es unterst\u00fctzt uns in W\u00e4di mit Infrastruktur, Dienstleistung, Anl\u00e4ssen, Weiterbildungen, im Alltag und in Wahljahren. Wir brauchen den Support des kantonalen Sekretariats, um unsere Arbeit machen zu k\u00f6nnen. Wenn du es dir leisten kannst, bei den GR\u00dcNEN auf allen Ebenen dabeizusein, hilfst du dem Ganzen.\",\"breadcrumb\":{\"@id\":\"https:\/\/web.gruene-zh.ch\/waedenswil\/ueber-uns\/mitmachen\/mitglied-werden#breadcrumb\"},\"inLanguage\":\"de\",\"potentialAction\":[{\"@type\":\"ReadAction\",\"target\":[\"https:\/\/web.gruene-zh.ch\/waedenswil\/ueber-uns\/mitmachen\/mitglied-werden\"]}]},{\"@type\":\"BreadcrumbList\",\"@id\":\"https:\/\/web.gruene-zh.ch\/waedenswil\/ueber-uns\/mitmachen\/mitglied-werden#breadcrumb\",\"itemListElement\":[{\"@type\":\"ListItem\",\"position\":1,\"name\":\"Startseite\",\"item\":\"https:\/\/web.gruene-zh.ch\/waedenswil\/\"},{\"@type\":\"ListItem\",\"position\":2,\"name\":\"\u00dcber uns\",\"item\":\"https:\/\/web.gruene-zh.ch\/waedenswil\/ueber-uns\"},{\"@type\":\"ListItem\",\"position\":3,\"name\":\"Mitmachen\",\"item\":\"https:\/\/web.gruene-zh.ch\/waedenswil\/ueber-uns\/mitmachen\"},{\"@type\":\"ListItem\",\"position\":4,\"name\":\"Ja, ich will Mitglied werden!\"}]},{\"@type\":\"WebSite\",\"@id\":\"https:\/\/web.gruene-zh.ch\/waedenswil\/#website\",\"url\":\"https:\/\/web.gruene-zh.ch\/waedenswil\/\",\"name\":\"GR\u00dcNE W\u00e4denswil\",\"description\":\"F\u00fcr Lebensqualit\u00e4t in W\u00e4denswil\",\"potentialAction\":[{\"@type\":\"SearchAction\",\"target\":{\"@type\":\"EntryPoint\",\"urlTemplate\":\"https:\/\/web.gruene-zh.ch\/waedenswil\/?s={search_term_string}\"},\"query-input\":{\"@type\":\"PropertyValueSpecification\",\"valueRequired\":true,\"valueName\":\"search_term_string\"}}],\"inLanguage\":\"de\"}]}<\/script>\n<!-- \/ Yoast SEO plugin. -->","yoast_head_json":{"title":"Ja, ich will Mitglied werden! - GR\u00dcNE W\u00e4denswil","description":"Als Mitglied bei den GR\u00dcNEN unterst\u00fctzt du Klima- und Umweltschutz. Und eine offene, solidarische Gesellschaft. Insbesondere hier in W\u00e4denswil. Als Mitglied kannst du mitreden, mitentscheiden, mithelfen. Wir sind viele, zusammen stark und wir freuen uns auf dich! Die Gr\u00fcnen sind regional, kantonal und national aufgeteilt. Als Mitglied bist du automatisch bei allen dreien dabei. Regional bei der Ortspartei W\u00e4denswil Kantonal bei der Bezirkspatei Horgen + der Kantonalpartei Z\u00fcrich National bei den Gr\u00fcnen Schweiz. Der Mitgliederbeitrag der Gr\u00fcnen f\u00fcr ein Jahr W\u00e4denswil 100.\u2013, Wenigverdienende 80.\u2013 Kanton Z\u00fcrich, mit Bezirk Horgen betr\u00e4gt: Einzelmitgliedschaft 150.\u2013 , Paarmitgliedschaft 240.\u2013, Wenigverdienende 60.\u2013 Schweiz : Einzelmitgliedschaft 50.\u2013, Wenigverdienende 20.\u2013 Der gesamte Mitgliederbeitrag als Gr\u00fcne in W\u00e4denswil ist die Summe der drei einzelnen Beitr\u00e4ge \u2013 zwischen 160 CHF und 300 CHF pro Jahr. Du bekommst im Jahr zwei separate Rechnungen: 1) eine von W\u00e4di mit Bezirk-Horgen\/KantonZH. 2) Eine der Gr\u00fcnen Schweiz. Wichtig zu wissen Der Beitrag an Bezirk\/KantonZH finanziert das kantonale Sekretariat. Es unterst\u00fctzt uns in W\u00e4di mit Infrastruktur, Dienstleistung, Anl\u00e4ssen, Weiterbildungen, im Alltag und in Wahljahren. Wir brauchen den Support des kantonalen Sekretariats, um unsere Arbeit machen zu k\u00f6nnen. Wenn du es dir leisten kannst, bei den GR\u00dcNEN auf allen Ebenen dabeizusein, hilfst du dem Ganzen.","robots":{"index":"index","follow":"follow","max-snippet":"max-snippet:-1","max-image-preview":"max-image-preview:large","max-video-preview":"max-video-preview:-1"},"canonical":"https:\/\/web.gruene-zh.ch\/waedenswil\/ueber-uns\/mitmachen\/mitglied-werden","og_locale":"de_DE","og_type":"article","og_title":"Ja, ich will Mitglied werden! - GR\u00dcNE W\u00e4denswil","og_description":"Als Mitglied bei den GR\u00dcNEN unterst\u00fctzt du Klima- und Umweltschutz. Und eine offene, solidarische Gesellschaft. Insbesondere hier in \u2026","og_url":"https:\/\/web.gruene-zh.ch\/waedenswil\/ueber-uns\/mitmachen\/mitglied-werden","og_site_name":"GR\u00dcNE W\u00e4denswil","article_modified_time":"2025-09-18T13:36:06+00:00","twitter_card":"summary_large_image","twitter_misc":{"Gesch\u00e4tzte Lesezeit":"1\u00a0Minute"},"schema":{"@context":"https:\/\/schema.org","@graph":[{"@type":"WebPage","@id":"https:\/\/web.gruene-zh.ch\/waedenswil\/ueber-uns\/mitmachen\/mitglied-werden","url":"https:\/\/web.gruene-zh.ch\/waedenswil\/ueber-uns\/mitmachen\/mitglied-werden","name":"Ja, ich will Mitglied werden! - GR\u00dcNE W\u00e4denswil","isPartOf":{"@id":"https:\/\/web.gruene-zh.ch\/waedenswil\/#website"},"datePublished":"2018-12-04T15:49:09+00:00","dateModified":"2025-09-18T13:36:06+00:00","description":"Als Mitglied bei den GR\u00dcNEN unterst\u00fctzt du Klima- und Umweltschutz. Und eine offene, solidarische Gesellschaft. Insbesondere hier in W\u00e4denswil. Als Mitglied kannst du mitreden, mitentscheiden, mithelfen. Wir sind viele, zusammen stark und wir freuen uns auf dich! Die Gr\u00fcnen sind regional, kantonal und national aufgeteilt. Als Mitglied bist du automatisch bei allen dreien dabei. Regional bei der Ortspartei W\u00e4denswil Kantonal bei der Bezirkspatei Horgen + der Kantonalpartei Z\u00fcrich National bei den Gr\u00fcnen Schweiz. Der Mitgliederbeitrag der Gr\u00fcnen f\u00fcr ein Jahr W\u00e4denswil 100.\u2013, Wenigverdienende 80.\u2013 Kanton Z\u00fcrich, mit Bezirk Horgen betr\u00e4gt: Einzelmitgliedschaft 150.\u2013 , Paarmitgliedschaft 240.\u2013, Wenigverdienende 60.\u2013 Schweiz : Einzelmitgliedschaft 50.\u2013, Wenigverdienende 20.\u2013 Der gesamte Mitgliederbeitrag als Gr\u00fcne in W\u00e4denswil ist die Summe der drei einzelnen Beitr\u00e4ge \u2013 zwischen 160 CHF und 300 CHF pro Jahr. Du bekommst im Jahr zwei separate Rechnungen: 1) eine von W\u00e4di mit Bezirk-Horgen\/KantonZH. 2) Eine der Gr\u00fcnen Schweiz. Wichtig zu wissen Der Beitrag an Bezirk\/KantonZH finanziert das kantonale Sekretariat. Es unterst\u00fctzt uns in W\u00e4di mit Infrastruktur, Dienstleistung, Anl\u00e4ssen, Weiterbildungen, im Alltag und in Wahljahren. Wir brauchen den Support des kantonalen Sekretariats, um unsere Arbeit machen zu k\u00f6nnen. Wenn du es dir leisten kannst, bei den GR\u00dcNEN auf allen Ebenen dabeizusein, hilfst du dem Ganzen.","breadcrumb":{"@id":"https:\/\/web.gruene-zh.ch\/waedenswil\/ueber-uns\/mitmachen\/mitglied-werden#breadcrumb"},"inLanguage":"de","potentialAction":[{"@type":"ReadAction","target":["https:\/\/web.gruene-zh.ch\/waedenswil\/ueber-uns\/mitmachen\/mitglied-werden"]}]},{"@type":"BreadcrumbList","@id":"https:\/\/web.gruene-zh.ch\/waedenswil\/ueber-uns\/mitmachen\/mitglied-werden#breadcrumb","itemListElement":[{"@type":"ListItem","position":1,"name":"Startseite","item":"https:\/\/web.gruene-zh.ch\/waedenswil\/"},{"@type":"ListItem","position":2,"name":"\u00dcber uns","item":"https:\/\/web.gruene-zh.ch\/waedenswil\/ueber-uns"},{"@type":"ListItem","position":3,"name":"Mitmachen","item":"https:\/\/web.gruene-zh.ch\/waedenswil\/ueber-uns\/mitmachen"},{"@type":"ListItem","position":4,"name":"Ja, ich will Mitglied werden!"}]},{"@type":"WebSite","@id":"https:\/\/web.gruene-zh.ch\/waedenswil\/#website","url":"https:\/\/web.gruene-zh.ch\/waedenswil\/","name":"GR\u00dcNE W\u00e4denswil","description":"F\u00fcr Lebensqualit\u00e4t in W\u00e4denswil","potentialAction":[{"@type":"SearchAction","target":{"@type":"EntryPoint","urlTemplate":"https:\/\/web.gruene-zh.ch\/waedenswil\/?s={search_term_string}"},"query-input":{"@type":"PropertyValueSpecification","valueRequired":true,"valueName":"search_term_string"}}],"inLanguage":"de"}]}},"_links":{"self":[{"href":"https:\/\/web.gruene-zh.ch\/waedenswil\/wp-json\/wp\/v2\/pages\/515","targetHints":{"allow":["GET"]}}],"collection":[{"href":"https:\/\/web.gruene-zh.ch\/waedenswil\/wp-json\/wp\/v2\/pages"}],"about":[{"href":"https:\/\/web.gruene-zh.ch\/waedenswil\/wp-json\/wp\/v2\/types\/page"}],"author":[{"embeddable":true,"href":"https:\/\/web.gruene-zh.ch\/waedenswil\/wp-json\/wp\/v2\/users\/34"}],"replies":[{"embeddable":true,"href":"https:\/\/web.gruene-zh.ch\/waedenswil\/wp-json\/wp\/v2\/comments?post=515"}],"version-history":[{"count":35,"href":"https:\/\/web.gruene-zh.ch\/waedenswil\/wp-json\/wp\/v2\/pages\/515\/revisions"}],"predecessor-version":[{"id":1998,"href":"https:\/\/web.gruene-zh.ch\/waedenswil\/wp-json\/wp\/v2\/pages\/515\/revisions\/1998"}],"up":[{"embeddable":true,"href":"https:\/\/web.gruene-zh.ch\/waedenswil\/wp-json\/wp\/v2\/pages\/597"}],"wp:attachment":[{"href":"https:\/\/web.gruene-zh.ch\/waedenswil\/wp-json\/wp\/v2\/media?parent=515"}],"curies":[{"name":"wp","href":"https:\/\/api.w.org\/{rel}","templated":true}]}}