{"id":639,"date":"2021-12-17T14:07:38","date_gmt":"2021-12-17T13:07:38","guid":{"rendered":"https:\/\/web.gruene-zh.ch\/buelach\/?page_id=639"},"modified":"2025-06-18T21:34:45","modified_gmt":"2025-06-18T19:34:45","slug":"spenden","status":"publish","type":"page","link":"https:\/\/web.gruene-zh.ch\/buelach\/ueber-uns\/mitmachen\/spenden","title":{"rendered":"Spenden"},"content":{"rendered":"","protected":false},"excerpt":{"rendered":"","protected":false},"author":11,"featured_media":0,"parent":597,"menu_order":0,"comment_status":"closed","ping_status":"closed","template":"","meta":{"_acf_changed":false,"inline_featured_image":false,"footnotes":""},"class_list":["post-639","page","type-page","status-publish","hentry"],"acf":[],"yoast_head":"<!-- This site is optimized with the Yoast SEO plugin v26.9 - https:\/\/yoast.com\/product\/yoast-seo-wordpress\/ -->\n<title>Spenden - GR\u00dcNE B\u00fclach<\/title>\n<meta name=\"description\" content=\"Unterst\u00fctze die Gr\u00fcnen der Stadt B\u00fclach\" \/>\n<meta name=\"robots\" content=\"index, follow, max-snippet:-1, max-image-preview:large, max-video-preview:-1\" \/>\n<link rel=\"canonical\" href=\"https:\/\/web.gruene-zh.ch\/buelach\/ueber-uns\/mitmachen\/spenden\" \/>\n<meta property=\"og:locale\" content=\"de_DE\" \/>\n<meta property=\"og:type\" content=\"article\" \/>\n<meta property=\"og:title\" content=\"Spenden - GR\u00dcNE B\u00fclach\" \/>\n<meta property=\"og:description\" content=\"Unterst\u00fctze die Gr\u00fcnen der Stadt B\u00fclach\" \/>\n<meta property=\"og:url\" content=\"https:\/\/web.gruene-zh.ch\/buelach\/ueber-uns\/mitmachen\/spenden\" \/>\n<meta property=\"og:site_name\" content=\"GR\u00dcNE B\u00fclach\" \/>\n<meta property=\"article:modified_time\" content=\"2025-06-18T19:34:45+00:00\" \/>\n<meta name=\"twitter:card\" content=\"summary_large_image\" \/>\n<meta name=\"twitter:label1\" content=\"Gesch\u00e4tzte Lesezeit\" \/>\n\t<meta name=\"twitter:data1\" content=\"1\u00a0Minute\" \/>\n<script type=\"application\/ld+json\" class=\"yoast-schema-graph\">{\"@context\":\"https:\/\/schema.org\",\"@graph\":[{\"@type\":\"WebPage\",\"@id\":\"https:\/\/web.gruene-zh.ch\/buelach\/ueber-uns\/mitmachen\/spenden\",\"url\":\"https:\/\/web.gruene-zh.ch\/buelach\/ueber-uns\/mitmachen\/spenden\",\"name\":\"Spenden - GR\u00dcNE B\u00fclach\",\"isPartOf\":{\"@id\":\"https:\/\/web.gruene-zh.ch\/buelach\/#website\"},\"datePublished\":\"2021-12-17T13:07:38+00:00\",\"dateModified\":\"2025-06-18T19:34:45+00:00\",\"description\":\"Unterst\u00fctze die Gr\u00fcnen der Stadt B\u00fclach\",\"breadcrumb\":{\"@id\":\"https:\/\/web.gruene-zh.ch\/buelach\/ueber-uns\/mitmachen\/spenden#breadcrumb\"},\"inLanguage\":\"de\",\"potentialAction\":[{\"@type\":\"ReadAction\",\"target\":[\"https:\/\/web.gruene-zh.ch\/buelach\/ueber-uns\/mitmachen\/spenden\"]}]},{\"@type\":\"BreadcrumbList\",\"@id\":\"https:\/\/web.gruene-zh.ch\/buelach\/ueber-uns\/mitmachen\/spenden#breadcrumb\",\"itemListElement\":[{\"@type\":\"ListItem\",\"position\":1,\"name\":\"Startseite\",\"item\":\"https:\/\/web.gruene-zh.ch\/buelach\/\"},{\"@type\":\"ListItem\",\"position\":2,\"name\":\"\u00dcber uns\",\"item\":\"https:\/\/web.gruene-zh.ch\/buelach\/ueber-uns\"},{\"@type\":\"ListItem\",\"position\":3,\"name\":\"Mitmachen\",\"item\":\"https:\/\/web.gruene-zh.ch\/buelach\/ueber-uns\/mitmachen\"},{\"@type\":\"ListItem\",\"position\":4,\"name\":\"Spenden\"}]},{\"@type\":\"WebSite\",\"@id\":\"https:\/\/web.gruene-zh.ch\/buelach\/#website\",\"url\":\"https:\/\/web.gruene-zh.ch\/buelach\/\",\"name\":\"GR\u00dcNE B\u00fclach\",\"description\":\"Wir gestalten eine nachhaltige Zukunft\",\"potentialAction\":[{\"@type\":\"SearchAction\",\"target\":{\"@type\":\"EntryPoint\",\"urlTemplate\":\"https:\/\/web.gruene-zh.ch\/buelach\/?s={search_term_string}\"},\"query-input\":{\"@type\":\"PropertyValueSpecification\",\"valueRequired\":true,\"valueName\":\"search_term_string\"}}],\"inLanguage\":\"de\"}]}<\/script>\n<!-- \/ Yoast SEO plugin. -->","yoast_head_json":{"title":"Spenden - GR\u00dcNE B\u00fclach","description":"Unterst\u00fctze die Gr\u00fcnen der Stadt B\u00fclach","robots":{"index":"index","follow":"follow","max-snippet":"max-snippet:-1","max-image-preview":"max-image-preview:large","max-video-preview":"max-video-preview:-1"},"canonical":"https:\/\/web.gruene-zh.ch\/buelach\/ueber-uns\/mitmachen\/spenden","og_locale":"de_DE","og_type":"article","og_title":"Spenden - GR\u00dcNE B\u00fclach","og_description":"Unterst\u00fctze die Gr\u00fcnen der Stadt B\u00fclach","og_url":"https:\/\/web.gruene-zh.ch\/buelach\/ueber-uns\/mitmachen\/spenden","og_site_name":"GR\u00dcNE B\u00fclach","article_modified_time":"2025-06-18T19:34:45+00:00","twitter_card":"summary_large_image","twitter_misc":{"Gesch\u00e4tzte Lesezeit":"1\u00a0Minute"},"schema":{"@context":"https:\/\/schema.org","@graph":[{"@type":"WebPage","@id":"https:\/\/web.gruene-zh.ch\/buelach\/ueber-uns\/mitmachen\/spenden","url":"https:\/\/web.gruene-zh.ch\/buelach\/ueber-uns\/mitmachen\/spenden","name":"Spenden - GR\u00dcNE B\u00fclach","isPartOf":{"@id":"https:\/\/web.gruene-zh.ch\/buelach\/#website"},"datePublished":"2021-12-17T13:07:38+00:00","dateModified":"2025-06-18T19:34:45+00:00","description":"Unterst\u00fctze die Gr\u00fcnen der Stadt B\u00fclach","breadcrumb":{"@id":"https:\/\/web.gruene-zh.ch\/buelach\/ueber-uns\/mitmachen\/spenden#breadcrumb"},"inLanguage":"de","potentialAction":[{"@type":"ReadAction","target":["https:\/\/web.gruene-zh.ch\/buelach\/ueber-uns\/mitmachen\/spenden"]}]},{"@type":"BreadcrumbList","@id":"https:\/\/web.gruene-zh.ch\/buelach\/ueber-uns\/mitmachen\/spenden#breadcrumb","itemListElement":[{"@type":"ListItem","position":1,"name":"Startseite","item":"https:\/\/web.gruene-zh.ch\/buelach\/"},{"@type":"ListItem","position":2,"name":"\u00dcber uns","item":"https:\/\/web.gruene-zh.ch\/buelach\/ueber-uns"},{"@type":"ListItem","position":3,"name":"Mitmachen","item":"https:\/\/web.gruene-zh.ch\/buelach\/ueber-uns\/mitmachen"},{"@type":"ListItem","position":4,"name":"Spenden"}]},{"@type":"WebSite","@id":"https:\/\/web.gruene-zh.ch\/buelach\/#website","url":"https:\/\/web.gruene-zh.ch\/buelach\/","name":"GR\u00dcNE B\u00fclach","description":"Wir gestalten eine nachhaltige Zukunft","potentialAction":[{"@type":"SearchAction","target":{"@type":"EntryPoint","urlTemplate":"https:\/\/web.gruene-zh.ch\/buelach\/?s={search_term_string}"},"query-input":{"@type":"PropertyValueSpecification","valueRequired":true,"valueName":"search_term_string"}}],"inLanguage":"de"}]}},"_links":{"self":[{"href":"https:\/\/web.gruene-zh.ch\/buelach\/wp-json\/wp\/v2\/pages\/639","targetHints":{"allow":["GET"]}}],"collection":[{"href":"https:\/\/web.gruene-zh.ch\/buelach\/wp-json\/wp\/v2\/pages"}],"about":[{"href":"https:\/\/web.gruene-zh.ch\/buelach\/wp-json\/wp\/v2\/types\/page"}],"author":[{"embeddable":true,"href":"https:\/\/web.gruene-zh.ch\/buelach\/wp-json\/wp\/v2\/users\/11"}],"replies":[{"embeddable":true,"href":"https:\/\/web.gruene-zh.ch\/buelach\/wp-json\/wp\/v2\/comments?post=639"}],"version-history":[{"count":10,"href":"https:\/\/web.gruene-zh.ch\/buelach\/wp-json\/wp\/v2\/pages\/639\/revisions"}],"predecessor-version":[{"id":1934,"href":"https:\/\/web.gruene-zh.ch\/buelach\/wp-json\/wp\/v2\/pages\/639\/revisions\/1934"}],"up":[{"embeddable":true,"href":"https:\/\/web.gruene-zh.ch\/buelach\/wp-json\/wp\/v2\/pages\/597"}],"wp:attachment":[{"href":"https:\/\/web.gruene-zh.ch\/buelach\/wp-json\/wp\/v2\/media?parent=639"}],"curies":[{"name":"wp","href":"https:\/\/api.w.org\/{rel}","templated":true}]}}