{"id":628,"date":"2021-12-17T14:04:58","date_gmt":"2021-12-17T13:04:58","guid":{"rendered":"https:\/\/web.gruene-zh.ch\/buelach\/?page_id=628"},"modified":"2025-03-09T08:31:26","modified_gmt":"2025-03-09T07:31:26","slug":"praesidium-und-vorstand","status":"publish","type":"page","link":"https:\/\/web.gruene-zh.ch\/buelach\/ueber-uns\/menschen\/praesidium-und-vorstand","title":{"rendered":"Pr\u00e4sidium und Vorstand"},"content":{"rendered":"","protected":false},"excerpt":{"rendered":"","protected":false},"author":11,"featured_media":0,"parent":610,"menu_order":0,"comment_status":"closed","ping_status":"closed","template":"","meta":{"_acf_changed":false,"inline_featured_image":false,"footnotes":""},"class_list":["post-628","page","type-page","status-publish","hentry"],"acf":[],"yoast_head":"<!-- This site is optimized with the Yoast SEO plugin v26.9 - https:\/\/yoast.com\/product\/yoast-seo-wordpress\/ -->\n<title>Pr\u00e4sidium und Vorstand - GR\u00dcNE B\u00fclach<\/title>\n<meta name=\"robots\" content=\"index, follow, max-snippet:-1, max-image-preview:large, max-video-preview:-1\" \/>\n<link rel=\"canonical\" href=\"https:\/\/web.gruene-zh.ch\/buelach\/ueber-uns\/menschen\/praesidium-und-vorstand\" \/>\n<meta property=\"og:locale\" content=\"de_DE\" \/>\n<meta property=\"og:type\" content=\"article\" \/>\n<meta property=\"og:title\" content=\"Pr\u00e4sidium und Vorstand - GR\u00dcNE B\u00fclach\" \/>\n<meta property=\"og:url\" content=\"https:\/\/web.gruene-zh.ch\/buelach\/ueber-uns\/menschen\/praesidium-und-vorstand\" \/>\n<meta property=\"og:site_name\" content=\"GR\u00dcNE B\u00fclach\" \/>\n<meta property=\"article:modified_time\" content=\"2025-03-09T07:31:26+00:00\" \/>\n<meta name=\"twitter:card\" content=\"summary_large_image\" \/>\n<meta name=\"twitter:label1\" content=\"Gesch\u00e4tzte Lesezeit\" \/>\n\t<meta name=\"twitter:data1\" content=\"1\u00a0Minute\" \/>\n<script type=\"application\/ld+json\" class=\"yoast-schema-graph\">{\"@context\":\"https:\/\/schema.org\",\"@graph\":[{\"@type\":\"WebPage\",\"@id\":\"https:\/\/web.gruene-zh.ch\/buelach\/ueber-uns\/menschen\/praesidium-und-vorstand\",\"url\":\"https:\/\/web.gruene-zh.ch\/buelach\/ueber-uns\/menschen\/praesidium-und-vorstand\",\"name\":\"Pr\u00e4sidium und Vorstand - GR\u00dcNE B\u00fclach\",\"isPartOf\":{\"@id\":\"https:\/\/web.gruene-zh.ch\/buelach\/#website\"},\"datePublished\":\"2021-12-17T13:04:58+00:00\",\"dateModified\":\"2025-03-09T07:31:26+00:00\",\"breadcrumb\":{\"@id\":\"https:\/\/web.gruene-zh.ch\/buelach\/ueber-uns\/menschen\/praesidium-und-vorstand#breadcrumb\"},\"inLanguage\":\"de\",\"potentialAction\":[{\"@type\":\"ReadAction\",\"target\":[\"https:\/\/web.gruene-zh.ch\/buelach\/ueber-uns\/menschen\/praesidium-und-vorstand\"]}]},{\"@type\":\"BreadcrumbList\",\"@id\":\"https:\/\/web.gruene-zh.ch\/buelach\/ueber-uns\/menschen\/praesidium-und-vorstand#breadcrumb\",\"itemListElement\":[{\"@type\":\"ListItem\",\"position\":1,\"name\":\"Startseite\",\"item\":\"https:\/\/web.gruene-zh.ch\/buelach\/\"},{\"@type\":\"ListItem\",\"position\":2,\"name\":\"\u00dcber uns\",\"item\":\"https:\/\/web.gruene-zh.ch\/buelach\/ueber-uns\"},{\"@type\":\"ListItem\",\"position\":3,\"name\":\"Menschen\",\"item\":\"https:\/\/web.gruene-zh.ch\/buelach\/ueber-uns\/menschen\"},{\"@type\":\"ListItem\",\"position\":4,\"name\":\"Pr\u00e4sidium und Vorstand\"}]},{\"@type\":\"WebSite\",\"@id\":\"https:\/\/web.gruene-zh.ch\/buelach\/#website\",\"url\":\"https:\/\/web.gruene-zh.ch\/buelach\/\",\"name\":\"GR\u00dcNE B\u00fclach\",\"description\":\"Wir gestalten eine nachhaltige Zukunft\",\"potentialAction\":[{\"@type\":\"SearchAction\",\"target\":{\"@type\":\"EntryPoint\",\"urlTemplate\":\"https:\/\/web.gruene-zh.ch\/buelach\/?s={search_term_string}\"},\"query-input\":{\"@type\":\"PropertyValueSpecification\",\"valueRequired\":true,\"valueName\":\"search_term_string\"}}],\"inLanguage\":\"de\"}]}<\/script>\n<!-- \/ Yoast SEO plugin. -->","yoast_head_json":{"title":"Pr\u00e4sidium und Vorstand - GR\u00dcNE B\u00fclach","robots":{"index":"index","follow":"follow","max-snippet":"max-snippet:-1","max-image-preview":"max-image-preview:large","max-video-preview":"max-video-preview:-1"},"canonical":"https:\/\/web.gruene-zh.ch\/buelach\/ueber-uns\/menschen\/praesidium-und-vorstand","og_locale":"de_DE","og_type":"article","og_title":"Pr\u00e4sidium und Vorstand - GR\u00dcNE B\u00fclach","og_url":"https:\/\/web.gruene-zh.ch\/buelach\/ueber-uns\/menschen\/praesidium-und-vorstand","og_site_name":"GR\u00dcNE B\u00fclach","article_modified_time":"2025-03-09T07:31:26+00:00","twitter_card":"summary_large_image","twitter_misc":{"Gesch\u00e4tzte Lesezeit":"1\u00a0Minute"},"schema":{"@context":"https:\/\/schema.org","@graph":[{"@type":"WebPage","@id":"https:\/\/web.gruene-zh.ch\/buelach\/ueber-uns\/menschen\/praesidium-und-vorstand","url":"https:\/\/web.gruene-zh.ch\/buelach\/ueber-uns\/menschen\/praesidium-und-vorstand","name":"Pr\u00e4sidium und Vorstand - GR\u00dcNE B\u00fclach","isPartOf":{"@id":"https:\/\/web.gruene-zh.ch\/buelach\/#website"},"datePublished":"2021-12-17T13:04:58+00:00","dateModified":"2025-03-09T07:31:26+00:00","breadcrumb":{"@id":"https:\/\/web.gruene-zh.ch\/buelach\/ueber-uns\/menschen\/praesidium-und-vorstand#breadcrumb"},"inLanguage":"de","potentialAction":[{"@type":"ReadAction","target":["https:\/\/web.gruene-zh.ch\/buelach\/ueber-uns\/menschen\/praesidium-und-vorstand"]}]},{"@type":"BreadcrumbList","@id":"https:\/\/web.gruene-zh.ch\/buelach\/ueber-uns\/menschen\/praesidium-und-vorstand#breadcrumb","itemListElement":[{"@type":"ListItem","position":1,"name":"Startseite","item":"https:\/\/web.gruene-zh.ch\/buelach\/"},{"@type":"ListItem","position":2,"name":"\u00dcber uns","item":"https:\/\/web.gruene-zh.ch\/buelach\/ueber-uns"},{"@type":"ListItem","position":3,"name":"Menschen","item":"https:\/\/web.gruene-zh.ch\/buelach\/ueber-uns\/menschen"},{"@type":"ListItem","position":4,"name":"Pr\u00e4sidium und Vorstand"}]},{"@type":"WebSite","@id":"https:\/\/web.gruene-zh.ch\/buelach\/#website","url":"https:\/\/web.gruene-zh.ch\/buelach\/","name":"GR\u00dcNE B\u00fclach","description":"Wir gestalten eine nachhaltige Zukunft","potentialAction":[{"@type":"SearchAction","target":{"@type":"EntryPoint","urlTemplate":"https:\/\/web.gruene-zh.ch\/buelach\/?s={search_term_string}"},"query-input":{"@type":"PropertyValueSpecification","valueRequired":true,"valueName":"search_term_string"}}],"inLanguage":"de"}]}},"_links":{"self":[{"href":"https:\/\/web.gruene-zh.ch\/buelach\/wp-json\/wp\/v2\/pages\/628","targetHints":{"allow":["GET"]}}],"collection":[{"href":"https:\/\/web.gruene-zh.ch\/buelach\/wp-json\/wp\/v2\/pages"}],"about":[{"href":"https:\/\/web.gruene-zh.ch\/buelach\/wp-json\/wp\/v2\/types\/page"}],"author":[{"embeddable":true,"href":"https:\/\/web.gruene-zh.ch\/buelach\/wp-json\/wp\/v2\/users\/11"}],"replies":[{"embeddable":true,"href":"https:\/\/web.gruene-zh.ch\/buelach\/wp-json\/wp\/v2\/comments?post=628"}],"version-history":[{"count":23,"href":"https:\/\/web.gruene-zh.ch\/buelach\/wp-json\/wp\/v2\/pages\/628\/revisions"}],"predecessor-version":[{"id":1402,"href":"https:\/\/web.gruene-zh.ch\/buelach\/wp-json\/wp\/v2\/pages\/628\/revisions\/1402"}],"up":[{"embeddable":true,"href":"https:\/\/web.gruene-zh.ch\/buelach\/wp-json\/wp\/v2\/pages\/610"}],"wp:attachment":[{"href":"https:\/\/web.gruene-zh.ch\/buelach\/wp-json\/wp\/v2\/media?parent=628"}],"curies":[{"name":"wp","href":"https:\/\/api.w.org\/{rel}","templated":true}]}}