{"id":515,"date":"2018-12-04T16:49:09","date_gmt":"2018-12-04T15:49:09","guid":{"rendered":"https:\/\/testing.2018.gruene.ch\/demo\/?page_id=288"},"modified":"2025-03-26T11:48:02","modified_gmt":"2025-03-26T10:48:02","slug":"mitglied-werden","status":"publish","type":"page","link":"https:\/\/web.gruene-zh.ch\/buelach\/ueber-uns\/mitmachen\/mitglied-werden","title":{"rendered":"Ja, ich will Mitglied werden!"},"content":{"rendered":"","protected":false},"excerpt":{"rendered":"","protected":false},"author":34,"featured_media":0,"parent":597,"menu_order":0,"comment_status":"closed","ping_status":"closed","template":"","meta":{"_acf_changed":false,"inline_featured_image":false,"footnotes":""},"class_list":["post-515","page","type-page","status-publish","hentry"],"acf":[],"yoast_head":"<!-- This site is optimized with the Yoast SEO plugin v26.9 - https:\/\/yoast.com\/product\/yoast-seo-wordpress\/ -->\n<title>Ja, ich will Mitglied werden! - GR\u00dcNE B\u00fclach<\/title>\n<meta name=\"description\" content=\"Als Mitglied bei den GR\u00dcNEN bringst du gemeinsam mit uns Klima- und Umweltschutz voran. Und du stehst ein f\u00fcr eine offene und solidarische Gesellschaft. Als Mitglied kannst du mitreden, mitentscheiden und tatkr\u00e4ftig bei Aktionen mithelfen. Und du kommst mit vielen spannenden und engagierten Menschen in Kontakt. Gemeinsam sind wir stark. Wir freuen uns auf dich!\" \/>\n<meta name=\"robots\" content=\"index, follow, max-snippet:-1, max-image-preview:large, max-video-preview:-1\" \/>\n<link rel=\"canonical\" href=\"https:\/\/web.gruene-zh.ch\/buelach\/ueber-uns\/mitmachen\/mitglied-werden\" \/>\n<meta property=\"og:locale\" content=\"de_DE\" \/>\n<meta property=\"og:type\" content=\"article\" \/>\n<meta property=\"og:title\" content=\"Ja, ich will Mitglied werden! - GR\u00dcNE B\u00fclach\" \/>\n<meta property=\"og:description\" content=\"Als Mitglied bei den GR\u00dcNEN bringst du gemeinsam mit uns Klima- und Umweltschutz voran. Und du stehst ein f\u00fcr eine offene und \u2026\" \/>\n<meta property=\"og:url\" content=\"https:\/\/web.gruene-zh.ch\/buelach\/ueber-uns\/mitmachen\/mitglied-werden\" \/>\n<meta property=\"og:site_name\" content=\"GR\u00dcNE B\u00fclach\" \/>\n<meta property=\"article:modified_time\" content=\"2025-03-26T10:48:02+00:00\" \/>\n<meta name=\"twitter:card\" content=\"summary_large_image\" \/>\n<meta name=\"twitter:label1\" content=\"Gesch\u00e4tzte Lesezeit\" \/>\n\t<meta name=\"twitter:data1\" content=\"1\u00a0Minute\" \/>\n<script type=\"application\/ld+json\" class=\"yoast-schema-graph\">{\"@context\":\"https:\/\/schema.org\",\"@graph\":[{\"@type\":\"WebPage\",\"@id\":\"https:\/\/web.gruene-zh.ch\/buelach\/ueber-uns\/mitmachen\/mitglied-werden\",\"url\":\"https:\/\/web.gruene-zh.ch\/buelach\/ueber-uns\/mitmachen\/mitglied-werden\",\"name\":\"Ja, ich will Mitglied werden! - GR\u00dcNE B\u00fclach\",\"isPartOf\":{\"@id\":\"https:\/\/web.gruene-zh.ch\/buelach\/#website\"},\"datePublished\":\"2018-12-04T15:49:09+00:00\",\"dateModified\":\"2025-03-26T10:48:02+00:00\",\"description\":\"Als Mitglied bei den GR\u00dcNEN bringst du gemeinsam mit uns Klima- und Umweltschutz voran. Und du stehst ein f\u00fcr eine offene und solidarische Gesellschaft. Als Mitglied kannst du mitreden, mitentscheiden und tatkr\u00e4ftig bei Aktionen mithelfen. Und du kommst mit vielen spannenden und engagierten Menschen in Kontakt. Gemeinsam sind wir stark. Wir freuen uns auf dich!\",\"breadcrumb\":{\"@id\":\"https:\/\/web.gruene-zh.ch\/buelach\/ueber-uns\/mitmachen\/mitglied-werden#breadcrumb\"},\"inLanguage\":\"de\",\"potentialAction\":[{\"@type\":\"ReadAction\",\"target\":[\"https:\/\/web.gruene-zh.ch\/buelach\/ueber-uns\/mitmachen\/mitglied-werden\"]}]},{\"@type\":\"BreadcrumbList\",\"@id\":\"https:\/\/web.gruene-zh.ch\/buelach\/ueber-uns\/mitmachen\/mitglied-werden#breadcrumb\",\"itemListElement\":[{\"@type\":\"ListItem\",\"position\":1,\"name\":\"Startseite\",\"item\":\"https:\/\/web.gruene-zh.ch\/buelach\/\"},{\"@type\":\"ListItem\",\"position\":2,\"name\":\"\u00dcber uns\",\"item\":\"https:\/\/web.gruene-zh.ch\/buelach\/ueber-uns\"},{\"@type\":\"ListItem\",\"position\":3,\"name\":\"Mitmachen\",\"item\":\"https:\/\/web.gruene-zh.ch\/buelach\/ueber-uns\/mitmachen\"},{\"@type\":\"ListItem\",\"position\":4,\"name\":\"Ja, ich will Mitglied werden!\"}]},{\"@type\":\"WebSite\",\"@id\":\"https:\/\/web.gruene-zh.ch\/buelach\/#website\",\"url\":\"https:\/\/web.gruene-zh.ch\/buelach\/\",\"name\":\"GR\u00dcNE B\u00fclach\",\"description\":\"Wir gestalten eine nachhaltige Zukunft\",\"potentialAction\":[{\"@type\":\"SearchAction\",\"target\":{\"@type\":\"EntryPoint\",\"urlTemplate\":\"https:\/\/web.gruene-zh.ch\/buelach\/?s={search_term_string}\"},\"query-input\":{\"@type\":\"PropertyValueSpecification\",\"valueRequired\":true,\"valueName\":\"search_term_string\"}}],\"inLanguage\":\"de\"}]}<\/script>\n<!-- \/ Yoast SEO plugin. -->","yoast_head_json":{"title":"Ja, ich will Mitglied werden! - GR\u00dcNE B\u00fclach","description":"Als Mitglied bei den GR\u00dcNEN bringst du gemeinsam mit uns Klima- und Umweltschutz voran. Und du stehst ein f\u00fcr eine offene und solidarische Gesellschaft. Als Mitglied kannst du mitreden, mitentscheiden und tatkr\u00e4ftig bei Aktionen mithelfen. Und du kommst mit vielen spannenden und engagierten Menschen in Kontakt. Gemeinsam sind wir stark. Wir freuen uns auf dich!","robots":{"index":"index","follow":"follow","max-snippet":"max-snippet:-1","max-image-preview":"max-image-preview:large","max-video-preview":"max-video-preview:-1"},"canonical":"https:\/\/web.gruene-zh.ch\/buelach\/ueber-uns\/mitmachen\/mitglied-werden","og_locale":"de_DE","og_type":"article","og_title":"Ja, ich will Mitglied werden! - GR\u00dcNE B\u00fclach","og_description":"Als Mitglied bei den GR\u00dcNEN bringst du gemeinsam mit uns Klima- und Umweltschutz voran. Und du stehst ein f\u00fcr eine offene und \u2026","og_url":"https:\/\/web.gruene-zh.ch\/buelach\/ueber-uns\/mitmachen\/mitglied-werden","og_site_name":"GR\u00dcNE B\u00fclach","article_modified_time":"2025-03-26T10:48:02+00:00","twitter_card":"summary_large_image","twitter_misc":{"Gesch\u00e4tzte Lesezeit":"1\u00a0Minute"},"schema":{"@context":"https:\/\/schema.org","@graph":[{"@type":"WebPage","@id":"https:\/\/web.gruene-zh.ch\/buelach\/ueber-uns\/mitmachen\/mitglied-werden","url":"https:\/\/web.gruene-zh.ch\/buelach\/ueber-uns\/mitmachen\/mitglied-werden","name":"Ja, ich will Mitglied werden! - GR\u00dcNE B\u00fclach","isPartOf":{"@id":"https:\/\/web.gruene-zh.ch\/buelach\/#website"},"datePublished":"2018-12-04T15:49:09+00:00","dateModified":"2025-03-26T10:48:02+00:00","description":"Als Mitglied bei den GR\u00dcNEN bringst du gemeinsam mit uns Klima- und Umweltschutz voran. Und du stehst ein f\u00fcr eine offene und solidarische Gesellschaft. Als Mitglied kannst du mitreden, mitentscheiden und tatkr\u00e4ftig bei Aktionen mithelfen. Und du kommst mit vielen spannenden und engagierten Menschen in Kontakt. Gemeinsam sind wir stark. Wir freuen uns auf dich!","breadcrumb":{"@id":"https:\/\/web.gruene-zh.ch\/buelach\/ueber-uns\/mitmachen\/mitglied-werden#breadcrumb"},"inLanguage":"de","potentialAction":[{"@type":"ReadAction","target":["https:\/\/web.gruene-zh.ch\/buelach\/ueber-uns\/mitmachen\/mitglied-werden"]}]},{"@type":"BreadcrumbList","@id":"https:\/\/web.gruene-zh.ch\/buelach\/ueber-uns\/mitmachen\/mitglied-werden#breadcrumb","itemListElement":[{"@type":"ListItem","position":1,"name":"Startseite","item":"https:\/\/web.gruene-zh.ch\/buelach\/"},{"@type":"ListItem","position":2,"name":"\u00dcber uns","item":"https:\/\/web.gruene-zh.ch\/buelach\/ueber-uns"},{"@type":"ListItem","position":3,"name":"Mitmachen","item":"https:\/\/web.gruene-zh.ch\/buelach\/ueber-uns\/mitmachen"},{"@type":"ListItem","position":4,"name":"Ja, ich will Mitglied werden!"}]},{"@type":"WebSite","@id":"https:\/\/web.gruene-zh.ch\/buelach\/#website","url":"https:\/\/web.gruene-zh.ch\/buelach\/","name":"GR\u00dcNE B\u00fclach","description":"Wir gestalten eine nachhaltige Zukunft","potentialAction":[{"@type":"SearchAction","target":{"@type":"EntryPoint","urlTemplate":"https:\/\/web.gruene-zh.ch\/buelach\/?s={search_term_string}"},"query-input":{"@type":"PropertyValueSpecification","valueRequired":true,"valueName":"search_term_string"}}],"inLanguage":"de"}]}},"_links":{"self":[{"href":"https:\/\/web.gruene-zh.ch\/buelach\/wp-json\/wp\/v2\/pages\/515","targetHints":{"allow":["GET"]}}],"collection":[{"href":"https:\/\/web.gruene-zh.ch\/buelach\/wp-json\/wp\/v2\/pages"}],"about":[{"href":"https:\/\/web.gruene-zh.ch\/buelach\/wp-json\/wp\/v2\/types\/page"}],"author":[{"embeddable":true,"href":"https:\/\/web.gruene-zh.ch\/buelach\/wp-json\/wp\/v2\/users\/34"}],"replies":[{"embeddable":true,"href":"https:\/\/web.gruene-zh.ch\/buelach\/wp-json\/wp\/v2\/comments?post=515"}],"version-history":[{"count":8,"href":"https:\/\/web.gruene-zh.ch\/buelach\/wp-json\/wp\/v2\/pages\/515\/revisions"}],"predecessor-version":[{"id":1700,"href":"https:\/\/web.gruene-zh.ch\/buelach\/wp-json\/wp\/v2\/pages\/515\/revisions\/1700"}],"up":[{"embeddable":true,"href":"https:\/\/web.gruene-zh.ch\/buelach\/wp-json\/wp\/v2\/pages\/597"}],"wp:attachment":[{"href":"https:\/\/web.gruene-zh.ch\/buelach\/wp-json\/wp\/v2\/media?parent=515"}],"curies":[{"name":"wp","href":"https:\/\/api.w.org\/{rel}","templated":true}]}}