{"id":515,"date":"2025-01-09T16:49:09","date_gmt":"2025-01-09T15:49:09","guid":{"rendered":"https:\/\/testing.2018.gruene.ch\/demo\/?page_id=288"},"modified":"2025-01-19T17:13:55","modified_gmt":"2025-01-19T16:13:55","slug":"mitmachen","status":"publish","type":"page","link":"https:\/\/web.gruene-zh.ch\/bezirk-dietikon\/mitmachen","title":{"rendered":"Ja, ich will mitmachen!"},"content":{"rendered":"","protected":false},"excerpt":{"rendered":"","protected":false},"author":53,"featured_media":0,"parent":0,"menu_order":0,"comment_status":"closed","ping_status":"closed","template":"","meta":{"_acf_changed":false,"inline_featured_image":false,"footnotes":""},"class_list":["post-515","page","type-page","status-publish","hentry"],"acf":[],"yoast_head":"<!-- This site is optimized with the Yoast SEO plugin v26.9 - https:\/\/yoast.com\/product\/yoast-seo-wordpress\/ -->\n<title>Ja, ich will mitmachen! - GR\u00dcNE Bezirk Dietikon<\/title>\n<meta name=\"description\" content=\"Wir freuen uns, dass du dich f\u00fcr die GR\u00dcNEN in unserem Bezirk interessierst. Bei den GR\u00dcNEN bringst du gemeinsam mit uns Klima- und Umweltschutz voran. Und du stehst ein f\u00fcr eine offene und solidarische Gesellschaft. Als Mitglied kannst du mitreden, mitentscheiden und tatkr\u00e4ftig bei Aktionen mithelfen. Und du kommst mit vielen spannenden und engagierten Menschen in Kontakt. Gemeinsam sind wir stark.\" \/>\n<meta name=\"robots\" content=\"index, follow, max-snippet:-1, max-image-preview:large, max-video-preview:-1\" \/>\n<link rel=\"canonical\" href=\"https:\/\/web.gruene-zh.ch\/bezirk-dietikon\/mitmachen\" \/>\n<meta property=\"og:locale\" content=\"de_DE\" \/>\n<meta property=\"og:type\" content=\"article\" \/>\n<meta property=\"og:title\" content=\"Ja, ich will mitmachen! - GR\u00dcNE Bezirk Dietikon\" \/>\n<meta property=\"og:description\" content=\"Wir freuen uns, dass du dich f\u00fcr die GR\u00dcNEN in unserem Bezirk interessierst. Bei den GR\u00dcNEN bringst du gemeinsam mit uns Klima- und \u2026\" \/>\n<meta property=\"og:url\" content=\"https:\/\/web.gruene-zh.ch\/bezirk-dietikon\/mitmachen\" \/>\n<meta property=\"og:site_name\" content=\"GR\u00dcNE Bezirk Dietikon\" \/>\n<meta property=\"article:modified_time\" content=\"2025-01-19T16:13:55+00:00\" \/>\n<meta name=\"twitter:card\" content=\"summary_large_image\" \/>\n<meta name=\"twitter:label1\" content=\"Gesch\u00e4tzte Lesezeit\" \/>\n\t<meta name=\"twitter:data1\" content=\"1\u00a0Minute\" \/>\n<script type=\"application\/ld+json\" class=\"yoast-schema-graph\">{\"@context\":\"https:\/\/schema.org\",\"@graph\":[{\"@type\":\"WebPage\",\"@id\":\"https:\/\/web.gruene-zh.ch\/bezirk-dietikon\/mitmachen\",\"url\":\"https:\/\/web.gruene-zh.ch\/bezirk-dietikon\/mitmachen\",\"name\":\"Ja, ich will mitmachen! - GR\u00dcNE Bezirk Dietikon\",\"isPartOf\":{\"@id\":\"https:\/\/web.gruene-zh.ch\/bezirk-dietikon\/#website\"},\"datePublished\":\"2025-01-09T15:49:09+00:00\",\"dateModified\":\"2025-01-19T16:13:55+00:00\",\"description\":\"Wir freuen uns, dass du dich f\u00fcr die GR\u00dcNEN in unserem Bezirk interessierst. Bei den GR\u00dcNEN bringst du gemeinsam mit uns Klima- und Umweltschutz voran. Und du stehst ein f\u00fcr eine offene und solidarische Gesellschaft. Als Mitglied kannst du mitreden, mitentscheiden und tatkr\u00e4ftig bei Aktionen mithelfen. Und du kommst mit vielen spannenden und engagierten Menschen in Kontakt. Gemeinsam sind wir stark.\",\"breadcrumb\":{\"@id\":\"https:\/\/web.gruene-zh.ch\/bezirk-dietikon\/mitmachen#breadcrumb\"},\"inLanguage\":\"de\",\"potentialAction\":[{\"@type\":\"ReadAction\",\"target\":[\"https:\/\/web.gruene-zh.ch\/bezirk-dietikon\/mitmachen\"]}]},{\"@type\":\"BreadcrumbList\",\"@id\":\"https:\/\/web.gruene-zh.ch\/bezirk-dietikon\/mitmachen#breadcrumb\",\"itemListElement\":[{\"@type\":\"ListItem\",\"position\":1,\"name\":\"Startseite\",\"item\":\"https:\/\/web.gruene-zh.ch\/bezirk-dietikon\/\"},{\"@type\":\"ListItem\",\"position\":2,\"name\":\"Ja, ich will mitmachen!\"}]},{\"@type\":\"WebSite\",\"@id\":\"https:\/\/web.gruene-zh.ch\/bezirk-dietikon\/#website\",\"url\":\"https:\/\/web.gruene-zh.ch\/bezirk-dietikon\/\",\"name\":\"GR\u00dcNE Bezirk Dietikon\",\"description\":\"Gr\u00fcne Partei im Limmattal\",\"potentialAction\":[{\"@type\":\"SearchAction\",\"target\":{\"@type\":\"EntryPoint\",\"urlTemplate\":\"https:\/\/web.gruene-zh.ch\/bezirk-dietikon\/?s={search_term_string}\"},\"query-input\":{\"@type\":\"PropertyValueSpecification\",\"valueRequired\":true,\"valueName\":\"search_term_string\"}}],\"inLanguage\":\"de\"}]}<\/script>\n<!-- \/ Yoast SEO plugin. -->","yoast_head_json":{"title":"Ja, ich will mitmachen! - GR\u00dcNE Bezirk Dietikon","description":"Wir freuen uns, dass du dich f\u00fcr die GR\u00dcNEN in unserem Bezirk interessierst. Bei den GR\u00dcNEN bringst du gemeinsam mit uns Klima- und Umweltschutz voran. Und du stehst ein f\u00fcr eine offene und solidarische Gesellschaft. Als Mitglied kannst du mitreden, mitentscheiden und tatkr\u00e4ftig bei Aktionen mithelfen. Und du kommst mit vielen spannenden und engagierten Menschen in Kontakt. Gemeinsam sind wir stark.","robots":{"index":"index","follow":"follow","max-snippet":"max-snippet:-1","max-image-preview":"max-image-preview:large","max-video-preview":"max-video-preview:-1"},"canonical":"https:\/\/web.gruene-zh.ch\/bezirk-dietikon\/mitmachen","og_locale":"de_DE","og_type":"article","og_title":"Ja, ich will mitmachen! - GR\u00dcNE Bezirk Dietikon","og_description":"Wir freuen uns, dass du dich f\u00fcr die GR\u00dcNEN in unserem Bezirk interessierst. Bei den GR\u00dcNEN bringst du gemeinsam mit uns Klima- und \u2026","og_url":"https:\/\/web.gruene-zh.ch\/bezirk-dietikon\/mitmachen","og_site_name":"GR\u00dcNE Bezirk Dietikon","article_modified_time":"2025-01-19T16:13:55+00:00","twitter_card":"summary_large_image","twitter_misc":{"Gesch\u00e4tzte Lesezeit":"1\u00a0Minute"},"schema":{"@context":"https:\/\/schema.org","@graph":[{"@type":"WebPage","@id":"https:\/\/web.gruene-zh.ch\/bezirk-dietikon\/mitmachen","url":"https:\/\/web.gruene-zh.ch\/bezirk-dietikon\/mitmachen","name":"Ja, ich will mitmachen! - GR\u00dcNE Bezirk Dietikon","isPartOf":{"@id":"https:\/\/web.gruene-zh.ch\/bezirk-dietikon\/#website"},"datePublished":"2025-01-09T15:49:09+00:00","dateModified":"2025-01-19T16:13:55+00:00","description":"Wir freuen uns, dass du dich f\u00fcr die GR\u00dcNEN in unserem Bezirk interessierst. Bei den GR\u00dcNEN bringst du gemeinsam mit uns Klima- und Umweltschutz voran. Und du stehst ein f\u00fcr eine offene und solidarische Gesellschaft. Als Mitglied kannst du mitreden, mitentscheiden und tatkr\u00e4ftig bei Aktionen mithelfen. Und du kommst mit vielen spannenden und engagierten Menschen in Kontakt. Gemeinsam sind wir stark.","breadcrumb":{"@id":"https:\/\/web.gruene-zh.ch\/bezirk-dietikon\/mitmachen#breadcrumb"},"inLanguage":"de","potentialAction":[{"@type":"ReadAction","target":["https:\/\/web.gruene-zh.ch\/bezirk-dietikon\/mitmachen"]}]},{"@type":"BreadcrumbList","@id":"https:\/\/web.gruene-zh.ch\/bezirk-dietikon\/mitmachen#breadcrumb","itemListElement":[{"@type":"ListItem","position":1,"name":"Startseite","item":"https:\/\/web.gruene-zh.ch\/bezirk-dietikon\/"},{"@type":"ListItem","position":2,"name":"Ja, ich will mitmachen!"}]},{"@type":"WebSite","@id":"https:\/\/web.gruene-zh.ch\/bezirk-dietikon\/#website","url":"https:\/\/web.gruene-zh.ch\/bezirk-dietikon\/","name":"GR\u00dcNE Bezirk Dietikon","description":"Gr\u00fcne Partei im Limmattal","potentialAction":[{"@type":"SearchAction","target":{"@type":"EntryPoint","urlTemplate":"https:\/\/web.gruene-zh.ch\/bezirk-dietikon\/?s={search_term_string}"},"query-input":{"@type":"PropertyValueSpecification","valueRequired":true,"valueName":"search_term_string"}}],"inLanguage":"de"}]}},"_links":{"self":[{"href":"https:\/\/web.gruene-zh.ch\/bezirk-dietikon\/wp-json\/wp\/v2\/pages\/515","targetHints":{"allow":["GET"]}}],"collection":[{"href":"https:\/\/web.gruene-zh.ch\/bezirk-dietikon\/wp-json\/wp\/v2\/pages"}],"about":[{"href":"https:\/\/web.gruene-zh.ch\/bezirk-dietikon\/wp-json\/wp\/v2\/types\/page"}],"author":[{"embeddable":true,"href":"https:\/\/web.gruene-zh.ch\/bezirk-dietikon\/wp-json\/wp\/v2\/users\/53"}],"replies":[{"embeddable":true,"href":"https:\/\/web.gruene-zh.ch\/bezirk-dietikon\/wp-json\/wp\/v2\/comments?post=515"}],"version-history":[{"count":15,"href":"https:\/\/web.gruene-zh.ch\/bezirk-dietikon\/wp-json\/wp\/v2\/pages\/515\/revisions"}],"predecessor-version":[{"id":1004,"href":"https:\/\/web.gruene-zh.ch\/bezirk-dietikon\/wp-json\/wp\/v2\/pages\/515\/revisions\/1004"}],"wp:attachment":[{"href":"https:\/\/web.gruene-zh.ch\/bezirk-dietikon\/wp-json\/wp\/v2\/media?parent=515"}],"curies":[{"name":"wp","href":"https:\/\/api.w.org\/{rel}","templated":true}]}}